{"id":120,"date":"2026-04-24T08:59:11","date_gmt":"2026-04-24T06:59:11","guid":{"rendered":"https:\/\/lerch.ict-stage.ch\/?page_id=120"},"modified":"2026-04-27T16:15:07","modified_gmt":"2026-04-27T14:15:07","slug":"buchung","status":"publish","type":"page","link":"https:\/\/lerch.ict-stage.ch\/index.php\/buchung\/","title":{"rendered":"Buchung"},"content":{"rendered":"<div class=\"et_pb_section_0 et_pb_section et_section_regular et_grid_section\"><\/div>\n\n<div class=\"et_pb_section_1 et_pb_section et_section_regular et_flex_section\">\n<div class=\"et_pb_row_0 et_pb_row et_flex_row\">\n<div class=\"et_pb_column_0 et_pb_column et-last-child et_flex_column et_pb_css_mix_blend_mode_passthrough et_flex_column_24_24 et_flex_column_24_24_tablet et_flex_column_24_24_phone\">\n<div class=\"et_pb_heading_0 et_pb_heading et_pb_module et_flex_module preset--module--divi-heading--default\"><div class=\"et_pb_heading_container\"><h1 class=\"et_pb_module_header\">Buchung<\/h1><\/div><\/div>\n\n<div class=\"et_pb_text_0 et_pb_text et_pb_bg_layout_light et_pb_module et_flex_module\"><div class=\"et_pb_text_inner\"><p>Wir sind f\u00fcr Sie da<\/p>\n<p>Haben Sie Fragen zu unseren Angeboten oder m\u00f6chten Sie eine Reise buchen? Z\u00f6gern Sie nicht, uns zu kontaktieren. Unser freundliches und kompetentes Team steht Ihnen jederzeit zur Verf\u00fcgung. Egal, ob Sie Hilfe bei der Planung brauchen oder eine individuelle Beratung w\u00fcnschen \u2013 wir freuen uns, von Ihnen zu h\u00f6ren!<\/p>\n<\/div><\/div>\n<\/div>\n<\/div>\n\n<div class=\"et_pb_row_1 et_pb_row et_flex_row\">\n<div class=\"et_pb_column_1 et_pb_column et-last-child et_flex_column et_pb_css_mix_blend_mode_passthrough et_flex_column_24_24 et_flex_column_24_24_tablet et_flex_column_24_24_phone\">\n<div class=\"et_pb_text_1 et_pb_text et_pb_bg_layout_light et_pb_module et_flex_module\"><div class=\"et_pb_text_inner\"><p><a class=\"header-call\" href=\"tel:+41 32 621 63 36\">Telefon: +41 32 621 63 36<\/a><br \/>\n<a href=\"mailto:info@vsia.ch\">info@vsia.ch<\/a><\/p>\n<\/div><\/div>\n<\/div>\n<\/div>\n<\/div>\n\n<div class=\"et_pb_section_2 et_pb_section et_section_regular et_flex_section\">\n<div class=\"et_pb_row_2 et_pb_row et_flex_row\">\n<div class=\"et_pb_column_2 et_pb_column et_flex_column et_pb_css_mix_blend_mode_passthrough et_flex_column_8_24 et_flex_column_8_24_tablet et_flex_column_24_24_phone\">\n<div class=\"et_pb_image_0 et_pb_image et_pb_module et_flex_module\"><span class=\"et_pb_image_wrap\"><img loading=\"lazy\" decoding=\"async\" src=\"https:\/\/lerch.ict-stage.ch\/wp-content\/uploads\/2026\/04\/tamara_lerch_logo.png\" alt=\"ArcticEdge Tours\" title=\"ArcticEdge Tours\" width=\"2363\" height=\"1418\" srcset=\"https:\/\/lerch.ict-stage.ch\/wp-content\/uploads\/2026\/04\/tamara_lerch_logo.png 2363w, https:\/\/lerch.ict-stage.ch\/wp-content\/uploads\/2026\/04\/tamara_lerch_logo-1280x768.png 1280w, https:\/\/lerch.ict-stage.ch\/wp-content\/uploads\/2026\/04\/tamara_lerch_logo-980x588.png 980w, https:\/\/lerch.ict-stage.ch\/wp-content\/uploads\/2026\/04\/tamara_lerch_logo-480x288.png 480w\" sizes=\"(min-width: 0px) and (max-width: 480px) 480px, (min-width: 481px) and (max-width: 980px) 980px, (min-width: 981px) and (max-width: 1280px) 1280px, (min-width: 1281px) 2363px, 100vw\" class=\"wp-image-135\" \/><\/span><\/div>\n<\/div>\n\n<div class=\"et_pb_column_3 et_pb_column et_flex_column et_pb_column_empty et_pb_css_mix_blend_mode_passthrough et_flex_column_8_24 et_flex_column_8_24_tablet et_flex_column_24_24_phone\"><\/div>\n\n<div class=\"et_pb_column_4 et_pb_column et-last-child et_flex_column et_pb_column_empty et_pb_css_mix_blend_mode_passthrough et_flex_column_8_24 et_flex_column_8_24_tablet et_flex_column_24_24_phone\"><\/div>\n<\/div>\n<\/div>","protected":false},"excerpt":{"rendered":"","protected":false},"author":1,"featured_media":0,"parent":0,"menu_order":0,"comment_status":"closed","ping_status":"closed","template":"","meta":{"footnotes":""},"class_list":["post-120","page","type-page","status-publish","hentry"],"_links":{"self":[{"href":"https:\/\/lerch.ict-stage.ch\/index.php\/wp-json\/wp\/v2\/pages\/120","targetHints":{"allow":["GET"]}}],"collection":[{"href":"https:\/\/lerch.ict-stage.ch\/index.php\/wp-json\/wp\/v2\/pages"}],"about":[{"href":"https:\/\/lerch.ict-stage.ch\/index.php\/wp-json\/wp\/v2\/types\/page"}],"author":[{"embeddable":true,"href":"https:\/\/lerch.ict-stage.ch\/index.php\/wp-json\/wp\/v2\/users\/1"}],"replies":[{"embeddable":true,"href":"https:\/\/lerch.ict-stage.ch\/index.php\/wp-json\/wp\/v2\/comments?post=120"}],"version-history":[{"count":8,"href":"https:\/\/lerch.ict-stage.ch\/index.php\/wp-json\/wp\/v2\/pages\/120\/revisions"}],"predecessor-version":[{"id":482,"href":"https:\/\/lerch.ict-stage.ch\/index.php\/wp-json\/wp\/v2\/pages\/120\/revisions\/482"}],"wp:attachment":[{"href":"https:\/\/lerch.ict-stage.ch\/index.php\/wp-json\/wp\/v2\/media?parent=120"}],"curies":[{"name":"wp","href":"https:\/\/api.w.org\/{rel}","templated":true}]}}