{"id":114,"date":"2026-04-24T08:58:09","date_gmt":"2026-04-24T06:58:09","guid":{"rendered":"https:\/\/lerch.ict-stage.ch\/?page_id=114"},"modified":"2026-04-28T08:43:32","modified_gmt":"2026-04-28T06:43:32","slug":"kulinarik","status":"publish","type":"page","link":"https:\/\/lerch.ict-stage.ch\/index.php\/kulinarik\/","title":{"rendered":"Kulinarik"},"content":{"rendered":"<div class=\"et_pb_section_0 et_pb_section et_section_regular et_grid_section\"><\/div>\n\n<div class=\"et_pb_section_1 et_pb_section et_section_regular et_flex_section\">\n<div class=\"et_pb_row_0 et_pb_row et_flex_row\">\n<div class=\"et_pb_column_0 et_pb_column et-last-child et_flex_column et_pb_css_mix_blend_mode_passthrough et_flex_column_24_24 et_flex_column_24_24_tablet et_flex_column_24_24_phone\">\n<div class=\"et_pb_heading_0 et_pb_heading et_pb_module et_flex_module preset--module--divi-heading--default\"><div class=\"et_pb_heading_container\"><h1 class=\"et_pb_module_header\">Kulinarik \u2013 Tradition trifft Innovation<\/h1><\/div><\/div>\n\n<div class=\"et_pb_text_0 et_pb_text et_pb_bg_layout_light et_pb_module et_flex_module\"><div class=\"et_pb_text_inner\"><p>Die norwegische K\u00fcche ist bodenst\u00e4ndig und doch raffiniert. Regionale Spezialit\u00e4ten wie \"Lutefisk\" treffen auf moderne Kreationen, die Norwegen international Anerkennung gebracht haben.<\/p>\n<\/div><\/div>\n<\/div>\n<\/div>\n<\/div>\n\n<div class=\"et_pb_section_2 et_pb_section et_section_regular et_flex_section\">\n<div class=\"et_pb_row_1 et_pb_row et_flex_row\">\n<div class=\"et_pb_column_1 et_pb_column et-last-child et_flex_column et_pb_css_mix_blend_mode_passthrough et_flex_column_24_24 et_flex_column_24_24_tablet et_flex_column_24_24_phone\">\n<div class=\"et_pb_gallery_0 et_pb_gallery et_pb_bg_layout_light et_pb_slider et_pb_gallery_fullwidth clearfix et_pb_slider_no_pagination et_pb_module\" data-auto-rotate=\"off\" data-auto-rotate-speed=\"\"><div class=\"et_pb_gallery_items et_post_gallery clearfix\" data-per_page=\"4\"><div class=\"et_pb_gallery_item et_pb_gallery_item_0_0\"><div class=\"et_pb_gallery_image landscape\" data-per_page=\"4\"><a href=\"https:\/\/lerch.ict-stage.ch\/wp-content\/uploads\/2026\/04\/essen-1.jpg\" title=\"\"><img loading=\"lazy\" decoding=\"async\" width=\"1500\" height=\"1000\" src=\"https:\/\/lerch.ict-stage.ch\/wp-content\/uploads\/2026\/04\/essen-1.jpg\" alt=\"\" class=\"wp-image-387\" srcset=\"https:\/\/lerch.ict-stage.ch\/wp-content\/uploads\/2026\/04\/essen-1.jpg 1500w, https:\/\/lerch.ict-stage.ch\/wp-content\/uploads\/2026\/04\/essen-1-1280x853.jpg 1280w, https:\/\/lerch.ict-stage.ch\/wp-content\/uploads\/2026\/04\/essen-1-980x653.jpg 980w, https:\/\/lerch.ict-stage.ch\/wp-content\/uploads\/2026\/04\/essen-1-480x320.jpg 480w\" sizes=\"(min-width: 0px) and (max-width: 480px) 480px, (min-width: 481px) and (max-width: 980px) 980px, (min-width: 981px) and (max-width: 1280px) 1280px, (min-width: 1281px) 1500px, 100vw\" \/><span class=\"et_overlay\" data-icon=\"\" data-icon-tablet=\"\" data-icon-phone=\"\"><\/span><\/a><\/div><\/div><div class=\"et_pb_gallery_item et_pb_gallery_item_0_1\"><div class=\"et_pb_gallery_image landscape\" data-per_page=\"4\"><a href=\"https:\/\/lerch.ict-stage.ch\/wp-content\/uploads\/2026\/04\/NOR_64_1500_1000.jpg\" title=\"\"><img loading=\"lazy\" decoding=\"async\" width=\"1500\" height=\"1000\" src=\"https:\/\/lerch.ict-stage.ch\/wp-content\/uploads\/2026\/04\/NOR_64_1500_1000.jpg\" alt=\"\" class=\"wp-image-386\" srcset=\"https:\/\/lerch.ict-stage.ch\/wp-content\/uploads\/2026\/04\/NOR_64_1500_1000.jpg 1500w, https:\/\/lerch.ict-stage.ch\/wp-content\/uploads\/2026\/04\/NOR_64_1500_1000-1280x853.jpg 1280w, https:\/\/lerch.ict-stage.ch\/wp-content\/uploads\/2026\/04\/NOR_64_1500_1000-980x653.jpg 980w, https:\/\/lerch.ict-stage.ch\/wp-content\/uploads\/2026\/04\/NOR_64_1500_1000-480x320.jpg 480w\" sizes=\"(min-width: 0px) and (max-width: 480px) 480px, (min-width: 481px) and (max-width: 980px) 980px, (min-width: 981px) and (max-width: 1280px) 1280px, (min-width: 1281px) 1500px, 100vw\" \/><span class=\"et_overlay\" data-icon=\"\" data-icon-tablet=\"\" data-icon-phone=\"\"><\/span><\/a><\/div><\/div><div class=\"et_pb_gallery_item et_pb_gallery_item_0_2\"><div class=\"et_pb_gallery_image landscape\" data-per_page=\"4\"><a href=\"https:\/\/lerch.ict-stage.ch\/wp-content\/uploads\/2026\/04\/NOR_23_1500_1000.jpg\" title=\"\"><img loading=\"lazy\" decoding=\"async\" width=\"1500\" height=\"1000\" src=\"https:\/\/lerch.ict-stage.ch\/wp-content\/uploads\/2026\/04\/NOR_23_1500_1000.jpg\" alt=\"\" class=\"wp-image-388\" srcset=\"https:\/\/lerch.ict-stage.ch\/wp-content\/uploads\/2026\/04\/NOR_23_1500_1000.jpg 1500w, https:\/\/lerch.ict-stage.ch\/wp-content\/uploads\/2026\/04\/NOR_23_1500_1000-1280x853.jpg 1280w, https:\/\/lerch.ict-stage.ch\/wp-content\/uploads\/2026\/04\/NOR_23_1500_1000-980x653.jpg 980w, https:\/\/lerch.ict-stage.ch\/wp-content\/uploads\/2026\/04\/NOR_23_1500_1000-480x320.jpg 480w\" sizes=\"(min-width: 0px) and (max-width: 480px) 480px, (min-width: 481px) and (max-width: 980px) 980px, (min-width: 981px) and (max-width: 1280px) 1280px, (min-width: 1281px) 1500px, 100vw\" \/><span class=\"et_overlay\" data-icon=\"\" data-icon-tablet=\"\" data-icon-phone=\"\"><\/span><\/a><\/div><\/div><div class=\"et_pb_gallery_item et_pb_gallery_item_0_3\"><div class=\"et_pb_gallery_image landscape\" data-per_page=\"4\"><a href=\"https:\/\/lerch.ict-stage.ch\/wp-content\/uploads\/2026\/04\/NOR_32_1500_1000.jpg\" title=\"\"><img loading=\"lazy\" decoding=\"async\" width=\"1500\" height=\"1000\" src=\"https:\/\/lerch.ict-stage.ch\/wp-content\/uploads\/2026\/04\/NOR_32_1500_1000.jpg\" alt=\"\" class=\"wp-image-389\" srcset=\"https:\/\/lerch.ict-stage.ch\/wp-content\/uploads\/2026\/04\/NOR_32_1500_1000.jpg 1500w, https:\/\/lerch.ict-stage.ch\/wp-content\/uploads\/2026\/04\/NOR_32_1500_1000-1280x853.jpg 1280w, https:\/\/lerch.ict-stage.ch\/wp-content\/uploads\/2026\/04\/NOR_32_1500_1000-980x653.jpg 980w, https:\/\/lerch.ict-stage.ch\/wp-content\/uploads\/2026\/04\/NOR_32_1500_1000-480x320.jpg 480w\" sizes=\"(min-width: 0px) and (max-width: 480px) 480px, (min-width: 481px) and (max-width: 980px) 980px, (min-width: 981px) and (max-width: 1280px) 1280px, (min-width: 1281px) 1500px, 100vw\" \/><span class=\"et_overlay\" data-icon=\"\" data-icon-tablet=\"\" data-icon-phone=\"\"><\/span><\/a><\/div><\/div><\/div><\/div>\n<\/div>\n<\/div>\n<\/div>\n\n<div class=\"et_pb_section_3 et_pb_section et_section_regular et_flex_section\">\n<div class=\"et_pb_row_2 et_pb_row et_flex_row\">\n<div class=\"et_pb_column_2 et_pb_column et-last-child et_flex_column et_pb_css_mix_blend_mode_passthrough et_flex_column_24_24 et_flex_column_24_24_tablet et_flex_column_24_24_phone\">\n<div class=\"et_pb_text_1 et_pb_text et_pb_bg_layout_light et_pb_module et_flex_module\"><div class=\"et_pb_text_inner\" data-et-mv-hidden-phone=\"true\"><h5>Nordische K\u00fcche \u2013 ein Fest f\u00fcr die Sinne<\/h5>\n<p>&nbsp;<\/p>\n<p>Frisch, einfach und unvergesslich lecker: Die norwegische K\u00fcche besticht durch ihre Einfachheit und die Qualit\u00e4t der regionalen Zutaten. Geniessen Sie fangfrischen Fisch, k\u00f6stliche Meeresfr\u00fcchte und traditionelle Gerichte wie \"R\u00f8mmegr\u00f8t\" oder \"Klippfisk\". Lernen Sie die Geheimnisse der nordischen K\u00fcche kennen, besuchen Sie gem\u00fctliche Fischrestaurants an der K\u00fcste oder probieren Sie Streetfood in den lebendigen St\u00e4dten. F\u00fcr jeden Geschmack ist etwas dabei \u2013 lassen Sie sich \u00fcberraschen!<\/p>\n<\/div><\/div>\n<\/div>\n<\/div>\n\n<div class=\"et_pb_row_3 et_pb_row et_flex_row\">\n<div class=\"et_pb_column_3 et_pb_column et_flex_column et_pb_column_empty et_pb_css_mix_blend_mode_passthrough et_flex_column_8_24 et_flex_column_8_24_tablet et_flex_column_24_24_phone\"><\/div>\n\n<div class=\"et_pb_column_4 et_pb_column et_flex_column et_pb_css_mix_blend_mode_passthrough et_flex_column_8_24 et_flex_column_8_24_tablet et_flex_column_24_24_phone\">\n<div class=\"et_pb_text_2 et_pb_text et_pb_bg_layout_light et_clickable et_pb_module et_flex_module\"><div class=\"et_pb_text_inner\"><p>Zu den Reiseberichten unserer Norwegenreisen \u2192<\/p>\n<\/div><\/div>\n<\/div>\n\n<div class=\"et_pb_column_5 et_pb_column et-last-child et_flex_column et_pb_column_empty et_pb_css_mix_blend_mode_passthrough et_flex_column_8_24 et_flex_column_8_24_tablet et_flex_column_24_24_phone\"><\/div>\n<\/div>\n<\/div>","protected":false},"excerpt":{"rendered":"","protected":false},"author":1,"featured_media":0,"parent":0,"menu_order":0,"comment_status":"closed","ping_status":"closed","template":"","meta":{"footnotes":""},"class_list":["post-114","page","type-page","status-publish","hentry"],"_links":{"self":[{"href":"https:\/\/lerch.ict-stage.ch\/index.php\/wp-json\/wp\/v2\/pages\/114","targetHints":{"allow":["GET"]}}],"collection":[{"href":"https:\/\/lerch.ict-stage.ch\/index.php\/wp-json\/wp\/v2\/pages"}],"about":[{"href":"https:\/\/lerch.ict-stage.ch\/index.php\/wp-json\/wp\/v2\/types\/page"}],"author":[{"embeddable":true,"href":"https:\/\/lerch.ict-stage.ch\/index.php\/wp-json\/wp\/v2\/users\/1"}],"replies":[{"embeddable":true,"href":"https:\/\/lerch.ict-stage.ch\/index.php\/wp-json\/wp\/v2\/comments?post=114"}],"version-history":[{"count":17,"href":"https:\/\/lerch.ict-stage.ch\/index.php\/wp-json\/wp\/v2\/pages\/114\/revisions"}],"predecessor-version":[{"id":525,"href":"https:\/\/lerch.ict-stage.ch\/index.php\/wp-json\/wp\/v2\/pages\/114\/revisions\/525"}],"wp:attachment":[{"href":"https:\/\/lerch.ict-stage.ch\/index.php\/wp-json\/wp\/v2\/media?parent=114"}],"curies":[{"name":"wp","href":"https:\/\/api.w.org\/{rel}","templated":true}]}}