{"id":108,"date":"2026-04-24T08:57:13","date_gmt":"2026-04-24T06:57:13","guid":{"rendered":"https:\/\/lerch.ict-stage.ch\/?page_id=108"},"modified":"2026-04-28T09:51:12","modified_gmt":"2026-04-28T07:51:12","slug":"ueber-uns","status":"publish","type":"page","link":"https:\/\/lerch.ict-stage.ch\/index.php\/ueber-uns\/","title":{"rendered":"\u00dcber uns"},"content":{"rendered":"<div class=\"et_pb_section_0 et_pb_section et_section_regular et_grid_section\"><\/div>\n\n<div class=\"et_pb_section_1 et_pb_section et_section_regular et_flex_section\">\n<div class=\"et_pb_row_0 et_pb_row et_flex_row\">\n<div class=\"et_pb_column_0 et_pb_column et-last-child et_flex_column et_pb_css_mix_blend_mode_passthrough et_flex_column_24_24 et_flex_column_24_24_tablet et_flex_column_24_24_phone\">\n<div class=\"et_pb_heading_0 et_pb_heading et_pb_module et_flex_module preset--module--divi-heading--default\"><div class=\"et_pb_heading_container\"><h1 class=\"et_pb_module_header\">\u00dcber uns<\/h1><\/div><\/div>\n\n<div class=\"et_pb_text_0 et_pb_text et_pb_bg_layout_light et_pb_module et_flex_module\"><div class=\"et_pb_text_inner\"><p>ArcticEdge Tours wurde mit der Leidenschaft gegr\u00fcndet, Reisenden die unber\u00fchrte Sch\u00f6nheit und die faszinierende Kultur des Nordens n\u00e4herzubringen. Wir sind spezialisiert auf massgeschneiderte Reisen nach Norwegen, die Ihnen unvergessliche Erlebnisse bieten \u2013 von den atemberaubenden Fjorden bis hin zu den magischen Polarlichtern. Unser Ziel ist es, Ihnen die perfekte Mischung aus Abenteuer, Erholung und kulturellen Entdeckungen zu bieten.<\/p>\n<\/div><\/div>\n<\/div>\n<\/div>\n<\/div>\n\n<div class=\"et_pb_section_2 et_pb_section et_section_regular et_flex_section\">\n<div class=\"et_pb_row_1 et_pb_row et_flex_row\">\n<div class=\"et_pb_column_1 et_pb_column et-last-child et_flex_column et_pb_css_mix_blend_mode_passthrough et_flex_column_24_24 et_flex_column_24_24_tablet et_flex_column_24_24_phone\">\n<div class=\"et_pb_gallery_0 et_pb_gallery et_pb_bg_layout_light et_pb_slider et_pb_gallery_fullwidth clearfix et_pb_module\" data-auto-rotate=\"off\" data-auto-rotate-speed=\"\"><div class=\"et_pb_gallery_items et_post_gallery clearfix\" data-per_page=\"4\"><div class=\"et_pb_gallery_item et_pb_gallery_item_0_0\"><div class=\"et_pb_gallery_image landscape\" data-per_page=\"4\"><a href=\"https:\/\/lerch.ict-stage.ch\/wp-content\/uploads\/2026\/04\/NOR_30_1500_1000.jpg\" title=\"\"><img loading=\"lazy\" decoding=\"async\" width=\"1500\" height=\"1000\" src=\"https:\/\/lerch.ict-stage.ch\/wp-content\/uploads\/2026\/04\/NOR_30_1500_1000.jpg\" alt=\"\" class=\"wp-image-404\" srcset=\"https:\/\/lerch.ict-stage.ch\/wp-content\/uploads\/2026\/04\/NOR_30_1500_1000.jpg 1500w, https:\/\/lerch.ict-stage.ch\/wp-content\/uploads\/2026\/04\/NOR_30_1500_1000-1280x853.jpg 1280w, https:\/\/lerch.ict-stage.ch\/wp-content\/uploads\/2026\/04\/NOR_30_1500_1000-980x653.jpg 980w, https:\/\/lerch.ict-stage.ch\/wp-content\/uploads\/2026\/04\/NOR_30_1500_1000-480x320.jpg 480w\" sizes=\"(min-width: 0px) and (max-width: 480px) 480px, (min-width: 481px) and (max-width: 980px) 980px, (min-width: 981px) and (max-width: 1280px) 1280px, (min-width: 1281px) 1500px, 100vw\" \/><span class=\"et_overlay\" data-icon=\"\" data-icon-tablet=\"\" data-icon-phone=\"\"><\/span><\/a><\/div><\/div><div class=\"et_pb_gallery_item et_pb_gallery_item_0_1\"><div class=\"et_pb_gallery_image landscape\" data-per_page=\"4\"><a href=\"https:\/\/lerch.ict-stage.ch\/wp-content\/uploads\/2026\/04\/NOR_53_1500_1000.jpg\" title=\"\"><img loading=\"lazy\" decoding=\"async\" width=\"1500\" height=\"1000\" src=\"https:\/\/lerch.ict-stage.ch\/wp-content\/uploads\/2026\/04\/NOR_53_1500_1000.jpg\" alt=\"\" class=\"wp-image-406\" srcset=\"https:\/\/lerch.ict-stage.ch\/wp-content\/uploads\/2026\/04\/NOR_53_1500_1000.jpg 1500w, https:\/\/lerch.ict-stage.ch\/wp-content\/uploads\/2026\/04\/NOR_53_1500_1000-1280x853.jpg 1280w, https:\/\/lerch.ict-stage.ch\/wp-content\/uploads\/2026\/04\/NOR_53_1500_1000-980x653.jpg 980w, https:\/\/lerch.ict-stage.ch\/wp-content\/uploads\/2026\/04\/NOR_53_1500_1000-480x320.jpg 480w\" sizes=\"(min-width: 0px) and (max-width: 480px) 480px, (min-width: 481px) and (max-width: 980px) 980px, (min-width: 981px) and (max-width: 1280px) 1280px, (min-width: 1281px) 1500px, 100vw\" \/><span class=\"et_overlay\" data-icon=\"\" data-icon-tablet=\"\" data-icon-phone=\"\"><\/span><\/a><\/div><\/div><div class=\"et_pb_gallery_item et_pb_gallery_item_0_2\"><div class=\"et_pb_gallery_image landscape\" data-per_page=\"4\"><a href=\"https:\/\/lerch.ict-stage.ch\/wp-content\/uploads\/2026\/04\/NOR_36_1500_1000.jpg\" title=\"\"><img loading=\"lazy\" decoding=\"async\" width=\"1500\" height=\"1000\" src=\"https:\/\/lerch.ict-stage.ch\/wp-content\/uploads\/2026\/04\/NOR_36_1500_1000.jpg\" alt=\"\" class=\"wp-image-405\" srcset=\"https:\/\/lerch.ict-stage.ch\/wp-content\/uploads\/2026\/04\/NOR_36_1500_1000.jpg 1500w, https:\/\/lerch.ict-stage.ch\/wp-content\/uploads\/2026\/04\/NOR_36_1500_1000-1280x853.jpg 1280w, https:\/\/lerch.ict-stage.ch\/wp-content\/uploads\/2026\/04\/NOR_36_1500_1000-980x653.jpg 980w, https:\/\/lerch.ict-stage.ch\/wp-content\/uploads\/2026\/04\/NOR_36_1500_1000-480x320.jpg 480w\" sizes=\"(min-width: 0px) and (max-width: 480px) 480px, (min-width: 481px) and (max-width: 980px) 980px, (min-width: 981px) and (max-width: 1280px) 1280px, (min-width: 1281px) 1500px, 100vw\" \/><span class=\"et_overlay\" data-icon=\"\" data-icon-tablet=\"\" data-icon-phone=\"\"><\/span><\/a><\/div><\/div><div class=\"et_pb_gallery_item et_pb_gallery_item_0_3\"><div class=\"et_pb_gallery_image landscape\" data-per_page=\"4\"><a href=\"https:\/\/lerch.ict-stage.ch\/wp-content\/uploads\/2026\/04\/NOR_4_1500_1000.jpg\" title=\"\"><img loading=\"lazy\" decoding=\"async\" width=\"1500\" height=\"1000\" src=\"https:\/\/lerch.ict-stage.ch\/wp-content\/uploads\/2026\/04\/NOR_4_1500_1000.jpg\" alt=\"\" class=\"wp-image-407\" srcset=\"https:\/\/lerch.ict-stage.ch\/wp-content\/uploads\/2026\/04\/NOR_4_1500_1000.jpg 1500w, https:\/\/lerch.ict-stage.ch\/wp-content\/uploads\/2026\/04\/NOR_4_1500_1000-1280x853.jpg 1280w, https:\/\/lerch.ict-stage.ch\/wp-content\/uploads\/2026\/04\/NOR_4_1500_1000-980x653.jpg 980w, https:\/\/lerch.ict-stage.ch\/wp-content\/uploads\/2026\/04\/NOR_4_1500_1000-480x320.jpg 480w\" sizes=\"(min-width: 0px) and (max-width: 480px) 480px, (min-width: 481px) and (max-width: 980px) 980px, (min-width: 981px) and (max-width: 1280px) 1280px, (min-width: 1281px) 1500px, 100vw\" \/><span class=\"et_overlay\" data-icon=\"\" data-icon-tablet=\"\" data-icon-phone=\"\"><\/span><\/a><\/div><\/div><div class=\"et_pb_gallery_item et_pb_gallery_item_0_4\"><div class=\"et_pb_gallery_image landscape\" data-per_page=\"4\"><a href=\"https:\/\/lerch.ict-stage.ch\/wp-content\/uploads\/2026\/04\/NOR_19_1500_1000.jpg\" title=\"\"><img loading=\"lazy\" decoding=\"async\" width=\"1500\" height=\"1000\" src=\"https:\/\/lerch.ict-stage.ch\/wp-content\/uploads\/2026\/04\/NOR_19_1500_1000.jpg\" alt=\"\" class=\"wp-image-409\" srcset=\"https:\/\/lerch.ict-stage.ch\/wp-content\/uploads\/2026\/04\/NOR_19_1500_1000.jpg 1500w, https:\/\/lerch.ict-stage.ch\/wp-content\/uploads\/2026\/04\/NOR_19_1500_1000-1280x853.jpg 1280w, https:\/\/lerch.ict-stage.ch\/wp-content\/uploads\/2026\/04\/NOR_19_1500_1000-980x653.jpg 980w, https:\/\/lerch.ict-stage.ch\/wp-content\/uploads\/2026\/04\/NOR_19_1500_1000-480x320.jpg 480w\" sizes=\"(min-width: 0px) and (max-width: 480px) 480px, (min-width: 481px) and (max-width: 980px) 980px, (min-width: 981px) and (max-width: 1280px) 1280px, (min-width: 1281px) 1500px, 100vw\" \/><span class=\"et_overlay\" data-icon=\"\" data-icon-tablet=\"\" data-icon-phone=\"\"><\/span><\/a><\/div><\/div><div class=\"et_pb_gallery_item et_pb_gallery_item_0_5\"><div class=\"et_pb_gallery_image landscape\" data-per_page=\"4\"><a href=\"https:\/\/lerch.ict-stage.ch\/wp-content\/uploads\/2026\/04\/NOR_12_1500_1000.jpg\" title=\"\"><img loading=\"lazy\" decoding=\"async\" width=\"1500\" height=\"1000\" src=\"https:\/\/lerch.ict-stage.ch\/wp-content\/uploads\/2026\/04\/NOR_12_1500_1000.jpg\" alt=\"\" class=\"wp-image-408\" srcset=\"https:\/\/lerch.ict-stage.ch\/wp-content\/uploads\/2026\/04\/NOR_12_1500_1000.jpg 1500w, https:\/\/lerch.ict-stage.ch\/wp-content\/uploads\/2026\/04\/NOR_12_1500_1000-1280x853.jpg 1280w, https:\/\/lerch.ict-stage.ch\/wp-content\/uploads\/2026\/04\/NOR_12_1500_1000-980x653.jpg 980w, https:\/\/lerch.ict-stage.ch\/wp-content\/uploads\/2026\/04\/NOR_12_1500_1000-480x320.jpg 480w\" sizes=\"(min-width: 0px) and (max-width: 480px) 480px, (min-width: 481px) and (max-width: 980px) 980px, (min-width: 981px) and (max-width: 1280px) 1280px, (min-width: 1281px) 1500px, 100vw\" \/><span class=\"et_overlay\" data-icon=\"\" data-icon-tablet=\"\" data-icon-phone=\"\"><\/span><\/a><\/div><\/div><div class=\"et_pb_gallery_item et_pb_gallery_item_0_6\"><div class=\"et_pb_gallery_image landscape\" data-per_page=\"4\"><a href=\"https:\/\/lerch.ict-stage.ch\/wp-content\/uploads\/2026\/04\/NOR_24_1500_1000.jpg\" title=\"\"><img loading=\"lazy\" decoding=\"async\" width=\"1500\" height=\"1000\" src=\"https:\/\/lerch.ict-stage.ch\/wp-content\/uploads\/2026\/04\/NOR_24_1500_1000.jpg\" alt=\"\" class=\"wp-image-403\" srcset=\"https:\/\/lerch.ict-stage.ch\/wp-content\/uploads\/2026\/04\/NOR_24_1500_1000.jpg 1500w, https:\/\/lerch.ict-stage.ch\/wp-content\/uploads\/2026\/04\/NOR_24_1500_1000-1280x853.jpg 1280w, https:\/\/lerch.ict-stage.ch\/wp-content\/uploads\/2026\/04\/NOR_24_1500_1000-980x653.jpg 980w, https:\/\/lerch.ict-stage.ch\/wp-content\/uploads\/2026\/04\/NOR_24_1500_1000-480x320.jpg 480w\" sizes=\"(min-width: 0px) and (max-width: 480px) 480px, (min-width: 481px) and (max-width: 980px) 980px, (min-width: 981px) and (max-width: 1280px) 1280px, (min-width: 1281px) 1500px, 100vw\" \/><span class=\"et_overlay\" data-icon=\"\" data-icon-tablet=\"\" data-icon-phone=\"\"><\/span><\/a><\/div><\/div><\/div><\/div>\n<\/div>\n<\/div>\n<\/div>\n\n<div class=\"et_pb_section_3 et_pb_section et_section_regular et_flex_section\">\n<div class=\"et_pb_row_2 et_pb_row et_flex_row\">\n<div class=\"et_pb_column_2 et_pb_column et_flex_column et_pb_css_mix_blend_mode_passthrough et_flex_column_2_5 et_flex_column_2_5_tablet et_flex_column_24_24_phone\">\n<div class=\"et_pb_image_0 et_pb_image et_pb_module et_flex_module\"><span class=\"et_pb_image_wrap\"><img loading=\"lazy\" decoding=\"async\" src=\"https:\/\/lerch.ict-stage.ch\/wp-content\/uploads\/2026\/04\/Lerch-2-1-scaled.webp\" title=\"Tamara Lerch\" width=\"1707\" height=\"2560\" srcset=\"https:\/\/lerch.ict-stage.ch\/wp-content\/uploads\/2026\/04\/Lerch-2-1-scaled.webp 1707w, https:\/\/lerch.ict-stage.ch\/wp-content\/uploads\/2026\/04\/Lerch-2-1-1280x1920.webp 1280w, https:\/\/lerch.ict-stage.ch\/wp-content\/uploads\/2026\/04\/Lerch-2-1-980x1470.webp 980w, https:\/\/lerch.ict-stage.ch\/wp-content\/uploads\/2026\/04\/Lerch-2-1-480x720.webp 480w\" sizes=\"(min-width: 0px) and (max-width: 480px) 480px, (min-width: 481px) and (max-width: 980px) 980px, (min-width: 981px) and (max-width: 1280px) 1280px, (min-width: 1281px) 1707px, 100vw\" class=\"wp-image-514\" \/><\/span><\/div>\n<\/div>\n\n<div class=\"et_pb_column_3 et_pb_column et-last-child et_flex_column et_pb_css_mix_blend_mode_passthrough et_flex_column_3_5 et_flex_column_3_5_tablet et_flex_column_24_24_phone\">\n<div class=\"et_pb_text_1 et_pb_text et_pb_bg_layout_light et_pb_module et_flex_module\"><div class=\"et_pb_text_inner\"><p>Tamara Lerch \u2013 Gr\u00fcnder\/in &amp; Reiseexpert\/in<\/p>\n<p>Mit einer tiefen Liebe zum Norden und jahrelanger Erfahrung in der Reisebranche gr\u00fcndete ich ArcticEdge Tours, um Reisenden das Beste von Norwegen zu zeigen. Ich lebe und arbeitete in Oslo, spreche fliessend Norwegisch und habe die entlegensten Orte des Landes selbst erkundet. Meine Leidenschaft ist es, einzigartige Reiseerlebnisse zu kreieren, die weit \u00fcber das Gew\u00f6hnliche hinausgehen.<\/p>\n<\/div><\/div>\n<\/div>\n<\/div>\n\n<div class=\"et_pb_row_3 et_pb_row et_flex_row\">\n<div class=\"et_pb_column_4 et_pb_column et_flex_column et_pb_column_empty et_pb_css_mix_blend_mode_passthrough et_flex_column_8_24 et_flex_column_8_24_tablet et_flex_column_24_24_phone\"><\/div>\n\n<div class=\"et_pb_column_5 et_pb_column et_flex_column et_pb_css_mix_blend_mode_passthrough et_flex_column_8_24 et_flex_column_8_24_tablet et_flex_column_24_24_phone\">\n<div class=\"et_pb_text_2 et_pb_text et_pb_bg_layout_light et_clickable et_pb_module et_flex_module\"><div class=\"et_pb_text_inner\"><p>Zu den Reiseberichten unserer Norwegenreisen \u2192<\/p>\n<\/div><\/div>\n<\/div>\n\n<div class=\"et_pb_column_6 et_pb_column et-last-child et_flex_column et_pb_column_empty et_pb_css_mix_blend_mode_passthrough et_flex_column_8_24 et_flex_column_8_24_tablet et_flex_column_24_24_phone\"><\/div>\n<\/div>\n<\/div>","protected":false},"excerpt":{"rendered":"","protected":false},"author":1,"featured_media":0,"parent":0,"menu_order":0,"comment_status":"closed","ping_status":"closed","template":"","meta":{"footnotes":""},"class_list":["post-108","page","type-page","status-publish","hentry"],"_links":{"self":[{"href":"https:\/\/lerch.ict-stage.ch\/index.php\/wp-json\/wp\/v2\/pages\/108","targetHints":{"allow":["GET"]}}],"collection":[{"href":"https:\/\/lerch.ict-stage.ch\/index.php\/wp-json\/wp\/v2\/pages"}],"about":[{"href":"https:\/\/lerch.ict-stage.ch\/index.php\/wp-json\/wp\/v2\/types\/page"}],"author":[{"embeddable":true,"href":"https:\/\/lerch.ict-stage.ch\/index.php\/wp-json\/wp\/v2\/users\/1"}],"replies":[{"embeddable":true,"href":"https:\/\/lerch.ict-stage.ch\/index.php\/wp-json\/wp\/v2\/comments?post=108"}],"version-history":[{"count":19,"href":"https:\/\/lerch.ict-stage.ch\/index.php\/wp-json\/wp\/v2\/pages\/108\/revisions"}],"predecessor-version":[{"id":543,"href":"https:\/\/lerch.ict-stage.ch\/index.php\/wp-json\/wp\/v2\/pages\/108\/revisions\/543"}],"wp:attachment":[{"href":"https:\/\/lerch.ict-stage.ch\/index.php\/wp-json\/wp\/v2\/media?parent=108"}],"curies":[{"name":"wp","href":"https:\/\/api.w.org\/{rel}","templated":true}]}}